{"id":75,"date":"2020-01-23T11:41:11","date_gmt":"2020-01-23T11:41:11","guid":{"rendered":"https:\/\/www.vraw.es\/?page_id=75"},"modified":"2020-02-04T11:39:23","modified_gmt":"2020-02-04T11:39:23","slug":"que-ofrecemos","status":"publish","type":"page","link":"https:\/\/www.vraw.es\/?page_id=75","title":{"rendered":"\u00bfQu\u00e9 ofrecemos?"},"content":{"rendered":"<div class=\"fusion-fullwidth fullwidth-box fusion-fullwidth-1  fusion-parallax-none nonhundred-percent-fullwidth\" style=\"border-color:#eae9e9;border-bottom-width: 0px;border-top-width: 0px;border-bottom-style: solid;border-top-style: solid;padding-bottom:20px;padding-top:20px;padding-left:px;padding-right:px;\"><style type=\"text\/css\" scoped=\"scoped\">.fusion-fullwidth-1 {\n                            padding-left: px !important;\n                            padding-right: px !important;\n                        }<\/style><div class=\"fusion-row\"><h1 style=\"text-align: center;\">Nuestros Productos<\/h1>\n<div class=\"fusion-sep-clear\"><\/div><div class=\"fusion-separator fusion-full-width-sep sep-double\" style=\"border-color:#e0dede;border-top-width:1px;border-bottom-width:1px;margin-left: auto;margin-right: auto;margin-top:15px;margin-bottom:40px;\"><\/div><\/div><\/div><h3 style=\"text-align: center;\">Selecciona un producto para m\u00e1s informaci\u00f3n<\/h3>\n<div class=\"fusion-section-separator section-separator\" style=\"border-bottom:1px solid #d3d3d3;\"><div class=\"divider-candy-arrow bottom\" style=\"top:0px;border-top-color: #d3d3d3;\"><\/div><div class=\"divider-candy bottom\" style=\"bottom:-21px;border-bottom:1px solid #d3d3d3;border-left:1px solid #d3d3d3;\"><\/div><\/div><div class=\"fusion-fullwidth fullwidth-box fusion-fullwidth-2  fusion-parallax-none nonhundred-percent-fullwidth\" style=\"border-color:#eae9e9;border-bottom-width: 0px;border-top-width: 0px;border-bottom-style: solid;border-top-style: solid;padding-bottom:20px;padding-top:20px;padding-left:px;padding-right:px;\"><style type=\"text\/css\" scoped=\"scoped\">.fusion-fullwidth-2 {\n                            padding-left: px !important;\n                            padding-right: px !important;\n                        }<\/style><div class=\"fusion-row\"><div class=\"fusion-one-third one_third fusion-layout-column fusion-spacing-yes\" style=\"margin-top:0px;margin-bottom:20px;\"><div class=\"fusion-column-wrapper\"><div class=\"imageframe-align-center\"><span style=\"border:2 solid #f6f6f6;-webkit-border-radius:1;-moz-border-radius:1;border-radius:1;\" class=\"fusion-imageframe imageframe-none imageframe-1 hover-type-none fusion-animated\" data-animationType=\"fadeInDown\" data-animationDuration=\"1\"> <img decoding=\"async\" src=\"https:\/\/www.vraw.es\/wp-content\/uploads\/2020\/01\/atl-navidad2017-038-620x413-1.jpg\" alt=\"Calendarios\" class=\"img-responsive\" style=\"-webkit-border-radius:1;-moz-border-radius:1;border-radius:1;\"\/><\/span><\/div><div class=\"fusion-sep-clear\"><\/div><div class=\"fusion-separator fusion-full-width-sep sep-none\" style=\"border-color:#e0dede;margin-left: auto;margin-right: auto;margin-top:15px;margin-bottom:15px;\"><\/div><div class=\"fusion-sep-clear\"><\/div><div class=\"fusion-separator fusion-full-width-sep sep-none\" style=\"border-color:#e0dede;margin-left: auto;margin-right: auto;margin-top:15px;margin-bottom:15px;\"><\/div><p>Nueva colecci\u00f3n de calendarios 2020.<\/p>\n<p>Descarga el cat\u00e1logo y elige el que m\u00e1s te guste.<br \/>\nSolicita presupuesto sin compromiso.<\/p>\n<h2>Calendarios 2020<\/h2>\n<div class=\"fusion-clearfix\"><\/div><\/div><\/div><div class=\"fusion-one-third one_third fusion-layout-column fusion-spacing-yes\" style=\"margin-top:0px;margin-bottom:20px;\"><div class=\"fusion-column-wrapper\"><div class=\"imageframe-align-center\"><span style=\"border:2 solid #d6d6d6;-webkit-border-radius:1;-moz-border-radius:1;border-radius:1;\" class=\"fusion-imageframe imageframe-none imageframe-2 hover-type-none fusion-animated\" data-animationType=\"fadeInDown\" data-animationDuration=\"1\"><a class=\"fusion-no-lightbox\" href=\"https:\/\/www.vraw.es\/?page_id=97\" target=\"_self\"> <img decoding=\"async\" src=\"https:\/\/www.vraw.es\/wp-content\/uploads\/2020\/01\/50x75_web-620x413-1.jpg\" alt=\"Reportajes de Exterior\" class=\"img-responsive\" style=\"-webkit-border-radius:1;-moz-border-radius:1;border-radius:1;\"\/><\/a><\/span><\/div><div class=\"fusion-sep-clear\"><\/div><div class=\"fusion-separator fusion-full-width-sep sep-none\" style=\"border-color:#e0dede;margin-left: auto;margin-right: auto;margin-top:15px;margin-bottom:15px;\"><\/div><h2>Reportajes en Exterior<\/h2>\n<div class=\"fusion-sep-clear\"><\/div><div class=\"fusion-separator fusion-full-width-sep sep-none\" style=\"border-color:#e0dede;margin-left: auto;margin-right: auto;margin-top:15px;margin-bottom:15px;\"><\/div><p>Si lo que buscas es realizar un reportaje fotogr\u00e1fico en exterior, no busques m\u00e1s. Captamos los mejores momentos de tu vida. Esos momentos que se convertir\u00e1n en los recuerdos del ma\u00f1ana.<\/p>\n<p>Realiza un reportaje en exterior con tu pareja, con tu familia o junto a tus peque\u00f1os y disfruta de unos hermosos momentos que disfrutaras toda la vida.<\/p>\n<div class=\"fusion-clearfix\"><\/div><\/div><\/div><div class=\"fusion-one-third one_third fusion-layout-column fusion-column-last fusion-spacing-yes\" style=\"margin-top:0px;margin-bottom:20px;\"><div class=\"fusion-column-wrapper\"><div class=\"imageframe-align-center\"><span style=\"border:2 solid #d6d6d6;-webkit-border-radius:1;-moz-border-radius:1;border-radius:1;\" class=\"fusion-imageframe imageframe-none imageframe-3 hover-type-none fusion-animated\" data-animationType=\"fadeInDown\" data-animationDuration=\"1\"><a class=\"fusion-no-lightbox\" href=\"https:\/\/www.vraw.es\/?page_id=105\" target=\"_self\"> <img decoding=\"async\" src=\"https:\/\/www.vraw.es\/wp-content\/uploads\/2020\/01\/MG_6390-620x773-1.jpg\" alt=\"Reportajes de Estudio\" class=\"img-responsive\" style=\"-webkit-border-radius:1;-moz-border-radius:1;border-radius:1;\"\/><\/a><\/span><\/div><div class=\"fusion-sep-clear\"><\/div><div class=\"fusion-separator fusion-full-width-sep sep-none\" style=\"border-color:#e0dede;margin-left: auto;margin-right: auto;margin-top:15px;margin-bottom:15px;\"><\/div><h2>Reportajes de Estudio<\/h2>\n<div class=\"fusion-sep-clear\"><\/div><div class=\"fusion-separator fusion-full-width-sep sep-none\" style=\"border-color:#e0dede;margin-left: auto;margin-right: auto;margin-top:15px;margin-bottom:15px;\"><\/div><p>\u00bfNecesitas un Book, un recuerdo de familia, un recuerdo de tus peque\u00f1os o simplemente una foto de DNI?. No lo pienses m\u00e1s, ven a nuestro Estudio y aparte de pasar un rato divertido, te llevar\u00e1s unos recuerdos que te acompa\u00f1aran toda la vida.<\/p>\n<div class=\"fusion-clearfix\"><\/div><\/div><\/div><div class=\"fusion-clearfix\"><\/div><div class=\"fusion-one-third one_third fusion-layout-column fusion-spacing-yes\" style=\"margin-top:0px;margin-bottom:20px;\"><div class=\"fusion-column-wrapper\"><div class=\"imageframe-align-center\"><span style=\"border:2 solid #d6d6d6;-webkit-border-radius:1;-moz-border-radius:1;border-radius:1;\" class=\"fusion-imageframe imageframe-none imageframe-4 hover-type-none fusion-animated\" data-animationType=\"fadeInDown\" data-animationDuration=\"1\"><a class=\"fusion-no-lightbox\" href=\"https:\/\/www.vraw.es\/?page_id=122\" target=\"_self\"> <img decoding=\"async\" src=\"https:\/\/www.vraw.es\/wp-content\/uploads\/2020\/01\/ALBUM_ALVARO_30x30_10-620x315-1.jpg\" alt=\"Comuniones\" class=\"img-responsive\" style=\"-webkit-border-radius:1;-moz-border-radius:1;border-radius:1;\"\/><\/a><\/span><\/div><div class=\"fusion-sep-clear\"><\/div><div class=\"fusion-separator fusion-full-width-sep sep-none\" style=\"border-color:#e0dede;margin-left: auto;margin-right: auto;margin-top:15px;margin-bottom:15px;\"><\/div><h2>Comuniones<\/h2>\n<div class=\"fusion-sep-clear\"><\/div><div class=\"fusion-separator fusion-full-width-sep sep-none\" style=\"border-color:#e0dede;margin-left: auto;margin-right: auto;margin-top:15px;margin-bottom:15px;\"><\/div><p>Todav\u00eda no tienes <strong>fot\u00f3grafo para la Comuni\u00f3n<\/strong> de tu Hijo \/ Hija? Realizamos <strong>reportajes fotogr\u00e1ficos<\/strong> en exteriores, en estudio y como no, el reportaje de la iglesia el d\u00eda de la comuni\u00f3n. Conseguiremos que el <strong>reportaje de fotos de Comuni\u00f3n<\/strong> sea un d\u00eda ameno y divertido, que la sesi\u00f3n de fotos de comuni\u00f3n se convierta en una divertida experiencia para los ni\u00f1os, con un aire muy desenfadado, fresco y simp\u00e1tico\u2026 Para nosotros, lo m\u00e1s importante es que los protagonistas se sientan c\u00f3modos, se lo pasen bien y guarden un entra\u00f1able recuerdo del reportaje de fotos de su primera comuni\u00f3n.<\/p>\n<div class=\"fusion-clearfix\"><\/div><\/div><\/div><div class=\"fusion-one-third one_third fusion-layout-column fusion-spacing-yes\" style=\"margin-top:0px;margin-bottom:20px;\"><div class=\"fusion-column-wrapper\"><div class=\"imageframe-align-center\"><span style=\"border:2 solid #d6d6d6;-webkit-border-radius:1;-moz-border-radius:1;border-radius:1;\" class=\"fusion-imageframe imageframe-none imageframe-5 hover-type-none fusion-animated\" data-animationType=\"fadeInDown\" data-animationDuration=\"1\"> <img decoding=\"async\" src=\"https:\/\/www.vraw.es\/wp-content\/uploads\/2020\/01\/DANIELA_web.jpg\" alt=\"Bodas\" class=\"img-responsive\" style=\"-webkit-border-radius:1;-moz-border-radius:1;border-radius:1;\"\/><\/span><\/div><div class=\"fusion-sep-clear\"><\/div><div class=\"fusion-separator fusion-full-width-sep sep-none\" style=\"border-color:#e0dede;margin-left: auto;margin-right: auto;margin-top:15px;margin-bottom:15px;\"><\/div><h2>Bodas<\/h2>\n<div class=\"fusion-sep-clear\"><\/div><div class=\"fusion-separator fusion-full-width-sep sep-none\" style=\"border-color:#e0dede;margin-left: auto;margin-right: auto;margin-top:15px;margin-bottom:15px;\"><\/div><p>Sin duda, unos de los d\u00edas m\u00e1s importantes de vuestra vida, un d\u00eda en el que las emociones y los sentimientos se unen, donde hay momentos en los que se detiene el tiempo. Miradas que se cruzan, sonrisas, l\u00e1grimas, momentos que se inmortalizan en la retina\u2026, momentos que nosotros capturamos para inmortalizamos sobre el papel y pod\u00edas recordarlos siempre, haci\u00e9ndoos en un futuro, viajar al pasado para revivir esos instantes, esas emociones que sentisteis el d\u00eda de vuestra boda.<\/p>\n<div class=\"fusion-clearfix\"><\/div><\/div><\/div><div class=\"fusion-one-third one_third fusion-layout-column fusion-column-last fusion-spacing-yes\" style=\"margin-top:0px;margin-bottom:20px;\"><div class=\"fusion-column-wrapper\"><div class=\"imageframe-align-center\"><span style=\"border:2 solid #d6d6d6;-webkit-border-radius:1;-moz-border-radius:1;border-radius:1;\" class=\"fusion-imageframe imageframe-none imageframe-6 hover-type-none fusion-animated\" data-animationType=\"fadeInDown\" data-animationDuration=\"1\"> <img decoding=\"async\" src=\"https:\/\/www.vraw.es\/wp-content\/uploads\/2020\/01\/Bautizo-620x413-1.jpg\" alt=\"Bautizos\" class=\"img-responsive\" style=\"-webkit-border-radius:1;-moz-border-radius:1;border-radius:1;\"\/><\/span><\/div><div class=\"fusion-sep-clear\"><\/div><div class=\"fusion-separator fusion-full-width-sep sep-none\" style=\"border-color:#e0dede;margin-left: auto;margin-right: auto;margin-top:15px;margin-bottom:15px;\"><\/div><h2>Bautizos<\/h2>\n<div class=\"fusion-sep-clear\"><\/div><div class=\"fusion-separator fusion-full-width-sep sep-none\" style=\"border-color:#e0dede;margin-left: auto;margin-right: auto;margin-top:15px;margin-bottom:15px;\"><\/div><p>Porque un d\u00eda tan importante como el bautizo de tu hijo o hija se merece ser recordado, guarda esos recuerdos para siempre. Ll\u00e1manos y capturaremos de ese d\u00eda, todos los momentos inolvidables.<\/p>\n<div class=\"fusion-clearfix\"><\/div><\/div><\/div><div class=\"fusion-clearfix\"><\/div><div class=\"fusion-one-third one_third fusion-layout-column fusion-spacing-yes\" style=\"margin-top:0px;margin-bottom:20px;\"><div class=\"fusion-column-wrapper\"><div class=\"imageframe-align-center\"><span style=\"border:2 solid #d6d6d6;-webkit-border-radius:1;-moz-border-radius:1;border-radius:1;\" class=\"fusion-imageframe imageframe-none imageframe-7 hover-type-none fusion-animated\" data-animationType=\"fadeInDown\" data-animationDuration=\"1\"> <img decoding=\"async\" src=\"https:\/\/www.vraw.es\/wp-content\/uploads\/2020\/01\/PORTADA.jpg\" alt=\"Bautizo Anthony\" class=\"img-responsive\" style=\"-webkit-border-radius:1;-moz-border-radius:1;border-radius:1;\"\/><\/span><\/div><div class=\"fusion-sep-clear\"><\/div><div class=\"fusion-separator fusion-full-width-sep sep-none\" style=\"border-color:#e0dede;margin-left: auto;margin-right: auto;margin-top:15px;margin-bottom:15px;\"><\/div><h2>Fotograf\u00eda Industrial<\/h2>\n<div class=\"fusion-sep-clear\"><\/div><div class=\"fusion-separator fusion-full-width-sep sep-none\" style=\"border-color:#e0dede;margin-left: auto;margin-right: auto;margin-top:15px;margin-bottom:15px;\"><\/div><p>Una imagen es m\u00e1s importante que mil palabras. Por eso no esperes m\u00e1s y refuerza la imagen de tu negocio.<\/p>\n<p>Realizamos fotograf\u00eda de producto as\u00ed como de sus instalaciones, siempre adecu\u00e1ndolas para su p\u00e1gina web, redes sociales o carteler\u00eda, seg\u00fan sean sus necesidades.<\/p>\n<p>No espere m\u00e1s, muestre al mundo sus productos, muestre su negocio.<\/p>\n<div class=\"fusion-clearfix\"><\/div><\/div><\/div><div class=\"fusion-one-third one_third fusion-layout-column fusion-spacing-yes\" style=\"margin-top:0px;margin-bottom:20px;\"><div class=\"fusion-column-wrapper\"><div class=\"imageframe-align-center\"><span style=\"border:2 solid #d6d6d6;-webkit-border-radius:1;-moz-border-radius:1;border-radius:1;\" class=\"fusion-imageframe imageframe-none imageframe-8 hover-type-none fusion-animated\" data-animationType=\"fadeInDown\" data-animationDuration=\"1\"> <img decoding=\"async\" src=\"https:\/\/www.vraw.es\/wp-content\/uploads\/2020\/01\/RECONSTRUCCIONES.jpg\" alt=\"Reconstrucciones\" class=\"img-responsive\" style=\"-webkit-border-radius:1;-moz-border-radius:1;border-radius:1;\"\/><\/span><\/div><div class=\"fusion-sep-clear\"><\/div><div class=\"fusion-separator fusion-full-width-sep sep-none\" style=\"border-color:#e0dede;margin-left: auto;margin-right: auto;margin-top:15px;margin-bottom:15px;\"><\/div><h2>Reconstrucciones<\/h2>\n<div class=\"fusion-sep-clear\"><\/div><div class=\"fusion-separator fusion-full-width-sep sep-none\" style=\"border-color:#e0dede;margin-left: auto;margin-right: auto;margin-top:15px;margin-bottom:15px;\"><\/div><p>Reconstruimos antiguas fotograf\u00edas que por el paso del tiempo han sufrido desperfectos, perdido contraste o contienen manchas. Recupere esa fotograf\u00eda antigua que esta en tan mal estado y reg\u00e1lesela a sus seres queridos. P\u00f3ngase en contacto y solicite presupuesto sin compromiso.<\/p>\n<div class=\"fusion-clearfix\"><\/div><\/div><\/div><div class=\"fusion-one-third one_third fusion-layout-column fusion-column-last fusion-spacing-yes\" style=\"margin-top:0px;margin-bottom:20px;\"><div class=\"fusion-column-wrapper\"><div class=\"imageframe-align-center\"><span style=\"border:2 solid #d6d6d6;-webkit-border-radius:1;-moz-border-radius:1;border-radius:1;\" class=\"fusion-imageframe imageframe-none imageframe-9 hover-type-none fusion-animated\" data-animationType=\"fadeInDown\" data-animationDuration=\"1\"><a class=\"fusion-no-lightbox\" href=\"https:\/\/www.vraw.es\/?page_id=71\" target=\"_self\"> <img decoding=\"async\" src=\"https:\/\/www.vraw.es\/wp-content\/uploads\/2020\/01\/FotoregaloProfesional.jpg\" alt=\"FotoRegalo\" class=\"img-responsive\" style=\"-webkit-border-radius:1;-moz-border-radius:1;border-radius:1;\"\/><\/a><\/span><\/div><div class=\"fusion-sep-clear\"><\/div><div class=\"fusion-separator fusion-full-width-sep sep-none\" style=\"border-color:#e0dede;margin-left: auto;margin-right: auto;margin-top:15px;margin-bottom:15px;\"><\/div><h2>FotoRegalo<\/h2>\n<div class=\"fusion-sep-clear\"><\/div><div class=\"fusion-separator fusion-full-width-sep sep-none\" style=\"border-color:#e0dede;margin-left: auto;margin-right: auto;margin-top:15px;margin-bottom:15px;\"><\/div><p style=\"text-align: center;\">Aqu\u00ed podr\u00e1s encontrar una amplia gama de FotoRegalos de alta calidad para sorprender a tu pareja, amigos y familiares.<\/p>\n<p style=\"text-align: center;\">Puedes a\u00f1adir tus propias fotograf\u00edas o una de tu reportaje.<\/p>\n<p style=\"text-align: center;\">Elige el que m\u00e1s te gusta y\u00a0solic\u00edtanos\u00a0presupuesto.<\/p>\n<div class=\"fusion-clearfix\"><\/div><\/div><\/div><div class=\"fusion-clearfix\"><\/div><div class=\"fusion-one-third one_third fusion-layout-column fusion-column-last fusion-spacing-yes\" style=\"margin-top:0px;margin-bottom:20px;\"><div class=\"fusion-column-wrapper\"><div class=\"imageframe-align-center\"><span style=\"border:2 solid #d6d6d6;-webkit-border-radius:1;-moz-border-radius:1;border-radius:1;\" class=\"fusion-imageframe imageframe-none imageframe-10 hover-type-none fusion-animated\" data-animationType=\"fadeInDown\" data-animationDuration=\"1\"><a class=\"fusion-no-lightbox\" href=\"https:\/\/www.vraw.es\/?page_id=69\" target=\"_self\"> <img decoding=\"async\" src=\"https:\/\/www.vraw.es\/wp-content\/uploads\/2020\/01\/photo_deco_P\u00e1gina_01.jpg\" alt=\"FotoDecoraci\u00f3n\" class=\"img-responsive\" style=\"-webkit-border-radius:1;-moz-border-radius:1;border-radius:1;\"\/><\/a><\/span><\/div><div class=\"fusion-sep-clear\"><\/div><div class=\"fusion-separator fusion-full-width-sep sep-none\" style=\"border-color:#e0dede;margin-left: auto;margin-right: auto;margin-top:15px;margin-bottom:15px;\"><\/div><h2>FotoDecoraci\u00f3n<\/h2>\n<div class=\"fusion-sep-clear\"><\/div><div class=\"fusion-separator fusion-full-width-sep sep-none\" style=\"border-color:#e0dede;margin-left: auto;margin-right: auto;margin-top:15px;margin-bottom:15px;\"><\/div><p>\u00bfEst\u00e1s pensando en redecorar tu casa o tu negocio?<\/p>\n<p>Aqu\u00ed encontrar\u00e1s un amplio cat\u00e1logo con los mejores materiales para redecorar tu casa con tus mejores im\u00e1genes o con las nuestras o dar un aire innovador a tu negocio.<\/p>\n<p>Elige el que m\u00e1s te gusta y solic\u00edtanos presupuesto.<\/p>\n<div class=\"fusion-clearfix\"><\/div><\/div><\/div><div class=\"fusion-clearfix\"><\/div><div class=\"fusion-sep-clear\"><\/div><div class=\"fusion-separator fusion-full-width-sep sep-none\" style=\"border-color:#e0dede;margin-left: auto;margin-right: auto;margin-top:20px;margin-bottom:20px;\"><\/div><div class=\"fusion-sep-clear\"><\/div><div class=\"fusion-separator fusion-full-width-sep sep-none\" style=\"border-color:#e0dede;margin-left: auto;margin-right: auto;margin-top:20px;margin-bottom:20px;\"><\/div><\/div><\/div><div class=\"fusion-section-separator section-separator\" style=\"border-top:1px solid #d3d3d3;\"><div class=\"divider-candy-arrow top\" style=\"bottom:0px;border-bottom-color: #d3d3d3;\"><\/div><div class=\"divider-candy top\" style=\"top:-21px;border-bottom:1px solid #d3d3d3;border-left:1px solid #d3d3d3;\"><\/div><\/div><div class=\"fusion-fullwidth fullwidth-box fusion-fullwidth-3  fusion-parallax-none nonhundred-percent-fullwidth\" style=\"border-color:#eae9e9;border-bottom-width: 0px;border-top-width: 0px;border-bottom-style: solid;border-top-style: solid;padding-bottom:20px;padding-top:20px;padding-left:px;padding-right:px;\"><style type=\"text\/css\" scoped=\"scoped\">.fusion-fullwidth-3 {\n                            padding-left: px !important;\n                            padding-right: px !important;\n                        }<\/style><div class=\"fusion-row\"><h2 style=\"text-align: center;\">PUEDES SOLICITAR PRESUPUESTO PERSONALIZADO DESDE EL APARTADO DE CONTACTO<\/h2>\n<div class=\"fusion-sep-clear\"><\/div><div class=\"fusion-separator fusion-full-width-sep sep-double\" style=\"border-color:#e0dede;border-top-width:1px;border-bottom-width:1px;margin-left: auto;margin-right: auto;margin-top:15px;margin-bottom:40px;\"><\/div><\/div><\/div>\n","protected":false},"excerpt":{"rendered":"","protected":false},"author":1,"featured_media":0,"parent":0,"menu_order":0,"comment_status":"closed","ping_status":"closed","template":"","meta":{"footnotes":""},"class_list":["post-75","page","type-page","status-publish","hentry"],"_links":{"self":[{"href":"https:\/\/www.vraw.es\/index.php?rest_route=\/wp\/v2\/pages\/75"}],"collection":[{"href":"https:\/\/www.vraw.es\/index.php?rest_route=\/wp\/v2\/pages"}],"about":[{"href":"https:\/\/www.vraw.es\/index.php?rest_route=\/wp\/v2\/types\/page"}],"author":[{"embeddable":true,"href":"https:\/\/www.vraw.es\/index.php?rest_route=\/wp\/v2\/users\/1"}],"replies":[{"embeddable":true,"href":"https:\/\/www.vraw.es\/index.php?rest_route=%2Fwp%2Fv2%2Fcomments&post=75"}],"version-history":[{"count":9,"href":"https:\/\/www.vraw.es\/index.php?rest_route=\/wp\/v2\/pages\/75\/revisions"}],"predecessor-version":[{"id":288,"href":"https:\/\/www.vraw.es\/index.php?rest_route=\/wp\/v2\/pages\/75\/revisions\/288"}],"wp:attachment":[{"href":"https:\/\/www.vraw.es\/index.php?rest_route=%2Fwp%2Fv2%2Fmedia&parent=75"}],"curies":[{"name":"wp","href":"https:\/\/api.w.org\/{rel}","templated":true}]}}