{"id":3,"date":"2020-01-22T14:22:11","date_gmt":"2020-01-22T14:22:11","guid":{"rendered":"https:\/\/www.vraw.es\/?page_id=3"},"modified":"2020-01-24T09:01:40","modified_gmt":"2020-01-24T09:01:40","slug":"politica-privacidad","status":"publish","type":"page","link":"https:\/\/www.vraw.es\/?page_id=3","title":{"rendered":"Pol\u00edtica de Privacidad"},"content":{"rendered":"\r\n<p style=\"text-align: justify;\"><span style=\"color: #000000;\"><strong>1. INFORMACI\u00d3N AL USUARIO<\/strong><\/span><\/p>\r\n<p style=\"text-align: justify;\"><span style=\"color: #000000;\">ALBERTO D\u00cdAZ, en adelante RESPONSABLE, es el Responsable del tratamiento de los datos personales del Usuario y le informa que estos datos ser\u00e1n tratados de conformidad con lo dispuesto en el Reglamento (UE) 2016\/679 de 27 de abril (GDPR) y la Ley Org\u00e1nica 3\/2018 de 5 de diciembre (LOPDGDD), por lo que se le facilita la siguiente informaci\u00f3n del tratamiento:<\/span><\/p>\r\n<p style=\"text-align: justify;\"><span style=\"color: #000000;\"><strong>Fin del tratamiento:<\/strong> mantener una relaci\u00f3n comercial con el Usuario. Las operaciones previstas para realizar el tratamiento son:<\/span><\/p>\r\n<p style=\"text-align: justify;\"><span style=\"color: #000000;\">\u2022 Remisi\u00f3n de comunicaciones comerciales publicitarias por email, fax, SMS, MMS,<\/span><br \/><span style=\"color: #000000;\">comunidades sociales o cualquier otro medio electr\u00f3nico o f\u00edsico, presente o futuro, que<\/span><br \/><span style=\"color: #000000;\">posibilite realizar comunicaciones comerciales. Estas comunicaciones ser\u00e1n realizadas por<\/span><br \/><span style=\"color: #000000;\">el RESPONSABLE y relacionadas sobre sus productos y servicios, o de sus colaboradores o proveedores con los que \u00e9ste haya alcanzado alg\u00fan acuerdo de promoci\u00f3n. En este caso, los terceros nunca tendr\u00e1n acceso a los datos personales.<\/span><br \/><span style=\"color: #000000;\">\u2022 Realizar estudios estad\u00edsticos.<\/span><br \/><span style=\"color: #000000;\">\u2022 Tramitar encargos, solicitudes o cualquier tipo de petici\u00f3n que sea realizada por el usuario a trav\u00e9s de cualquiera de las formas de contacto que se ponen a su disposici\u00f3n.<\/span><br \/><span style=\"color: #000000;\">\u2022 Remitir el bolet\u00edn de noticias de la p\u00e1gina web.<\/span><\/p>\r\n<p style=\"text-align: justify;\"><span style=\"color: #000000;\"><strong>Base jur\u00eddica del tratamiento:<\/strong> consentimiento del interesado.<\/span><br \/><span style=\"color: #000000;\">Criterios de conservaci\u00f3n de los datos: se conservar\u00e1n durante no m\u00e1s tiempo del necesario para mantener el fin del tratamiento y cuando ya no sea necesario para tal fin, se suprimir\u00e1n con medidas de seguridad adecuadas para garantizar la seudonimizaci\u00f3n de los datos o la destrucci\u00f3n total de los mismos.<\/span><\/p>\r\n<p style=\"text-align: justify;\"><span style=\"color: #000000;\"><strong>Comunicaci\u00f3n de los datos:<\/strong> No se comunicar\u00e1n los datos a terceros, salvo obligaci\u00f3n legal.<\/span><\/p>\r\n<p style=\"text-align: justify;\"><span style=\"color: #000000;\"><strong>Derechos que asisten al Usuario:<\/strong><\/span><br \/><span style=\"color: #000000;\">\u2022 Derecho a retirar el consentimiento en cualquier momento.<\/span><br \/><span style=\"color: #000000;\">\u2022 Derecho de acceso, rectificaci\u00f3n, portabilidad y supresi\u00f3n de sus datos y a la limitaci\u00f3n u oposici\u00f3n al su tratamiento.<\/span><br \/><span style=\"color: #000000;\">\u2022 Derecho a presentar una reclamaci\u00f3n ante la autoridad de control (www.aepd.es) si considera que el tratamiento no se ajusta a la normativa vigente.<\/span><\/p>\r\n<p style=\"text-align: justify;\"><span style=\"color: #000000;\"><strong>Datos de contacto para ejercer sus derechos:<\/strong><\/span><\/p>\r\n<p style=\"text-align: justify;\"><span style=\"color: #000000;\">ALBERTO D\u00cdAZ con CIF 09344919L, con domicilio en C\/ TRAVES\u00cdA DE LA MOTILLA 3, 1\u00baD, 47194-VALLADOLID,\u00a0 (ESPA\u00d1A). Puede contactar con el Responsable, mediante correo electr\u00f3nico en el buz\u00f3n info@vraw.es.<\/span><\/p>\r\n<p style=\"text-align: justify;\"><span style=\"color: #000000;\"><strong>2. CAR\u00c1CTER OBLIGATORIO O FACULTATIVO DE LA INFORMACI\u00d3N FACILITADA POR EL USUARIO<\/strong><\/span><\/p>\r\n<p style=\"text-align: justify;\"><span style=\"color: #000000;\">Los Usuarios, mediante la marcaci\u00f3n de las casillas correspondientes y entrada de datos en los campos, marcados con un asterisco (*) en el formulario de contacto o presentados en formularios de descarga,\u00a0aceptan expresamente y de forma libre e inequ\u00edvoca, que sus datos son necesarios para atender su petici\u00f3n, por parte del prestador, siendo voluntaria la inclusi\u00f3n de datos en los campos restantes. El Usuario garantiza que los datos personales facilitados al RESPONSABLE son veraces y se hace responsable de comunicar cualquier modificaci\u00f3n de los mismos.<\/span><\/p>\r\n<p style=\"text-align: justify;\"><span style=\"color: #000000;\">El RESPONSABLE informa y garantiza expresamente a los usuarios que sus datos personales no ser\u00e1n cedidos en ning\u00fan caso a terceros, y que siempre que realizara alg\u00fan tipo de cesi\u00f3n de datos personales, se pedir\u00e1 previamente el consentimiento expreso, informado e inequ\u00edvoco por parte los Usuarios. Todos los datos solicitados a trav\u00e9s del sitio web son obligatorios, ya que son necesarios para la prestaci\u00f3n de un servicio \u00f3ptimo al Usuario. En caso de que no sean facilitados todos los datos, no se garantiza que la informaci\u00f3n y servicios facilitados sean completamente ajustados a sus necesidades.<\/span><\/p>\r\n<p style=\"text-align: justify;\"><span style=\"color: #000000;\"><strong>3. MEDIDAS DE SEGURIDAD<\/strong><\/span><\/p>\r\n<p style=\"text-align: justify;\"><span style=\"color: #000000;\">Que de conformidad con lo dispuesto en las normativas vigentes en protecci\u00f3n de datos personales, el RESPONSABLE est\u00e1 cumpliendo con todas las disposiciones de las normativas GDPR para el tratamiento de los datos personales de su responsabilidad, y manifiestamente con los principios descritos en el art\u00edculo 5 del GDPR, por los cuales son tratados de manera l\u00edcita, leal y transparente en relaci\u00f3n con el interesado y adecuados, pertinentes y limitados a lo necesario en relaci\u00f3n con los fines para los que son tratados.<\/span><\/p>\r\n<p style=\"text-align: justify;\"><span style=\"color: #000000;\">El RESPONSABLE garantiza que ha implementado pol\u00edticas t\u00e9cnicas y organizativas apropiadas para aplicar las medidas de seguridad que establecen el GDPR con el fin de proteger los derechos y libertades de los Usuarios y les ha comunicado la informaci\u00f3n adecuada para que puedan ejercerlos.<\/span><\/p>\r\n","protected":false},"excerpt":{"rendered":"<p>1. INFORMACI\u00d3N AL USUARIO ALBERTO D\u00cdAZ, en adelante RESPONSABLE, es el Responsable del tratamiento de los datos personales del Usuario y le informa que estos datos ser\u00e1n tratados de conformidad con lo dispuesto en el Reglamento (UE) 2016\/679 de 27 de abril (GDPR) y la Ley Org\u00e1nica 3\/2018 de 5 de diciembre (LOPDGDD), por lo [&hellip;]<\/p>\n","protected":false},"author":1,"featured_media":0,"parent":0,"menu_order":0,"comment_status":"closed","ping_status":"closed","template":"","meta":{"footnotes":""},"class_list":["post-3","page","type-page","status-publish","hentry"],"_links":{"self":[{"href":"https:\/\/www.vraw.es\/index.php?rest_route=\/wp\/v2\/pages\/3"}],"collection":[{"href":"https:\/\/www.vraw.es\/index.php?rest_route=\/wp\/v2\/pages"}],"about":[{"href":"https:\/\/www.vraw.es\/index.php?rest_route=\/wp\/v2\/types\/page"}],"author":[{"embeddable":true,"href":"https:\/\/www.vraw.es\/index.php?rest_route=\/wp\/v2\/users\/1"}],"replies":[{"embeddable":true,"href":"https:\/\/www.vraw.es\/index.php?rest_route=%2Fwp%2Fv2%2Fcomments&post=3"}],"version-history":[{"count":2,"href":"https:\/\/www.vraw.es\/index.php?rest_route=\/wp\/v2\/pages\/3\/revisions"}],"predecessor-version":[{"id":236,"href":"https:\/\/www.vraw.es\/index.php?rest_route=\/wp\/v2\/pages\/3\/revisions\/236"}],"wp:attachment":[{"href":"https:\/\/www.vraw.es\/index.php?rest_route=%2Fwp%2Fv2%2Fmedia&parent=3"}],"curies":[{"name":"wp","href":"https:\/\/api.w.org\/{rel}","templated":true}]}}