{"id":235,"date":"2020-01-24T09:04:19","date_gmt":"2020-01-24T09:04:19","guid":{"rendered":"https:\/\/www.vraw.es\/?page_id=235"},"modified":"2020-01-24T09:04:41","modified_gmt":"2020-01-24T09:04:41","slug":"politica-de-cookies","status":"publish","type":"page","link":"https:\/\/www.vraw.es\/?page_id=235","title":{"rendered":"Pol\u00edtica de Cookies"},"content":{"rendered":"<h3 class=\"block-editor-rich-text__editable editor-rich-text__editable\" role=\"textbox\" contenteditable=\"true\" aria-multiline=\"true\" data-is-placeholder-visible=\"false\" aria-label=\"Escribe el encabezado\u2026\" aria-autocomplete=\"list\"><\/h3>\r\n<h3 class=\"wp-block-heading\">\u00bfQu\u00e9 son las cookies?<\/h3>\r\n<h3 class=\"block-editor-rich-text__editable editor-rich-text__editable\" role=\"textbox\" contenteditable=\"true\" aria-multiline=\"true\" data-is-placeholder-visible=\"false\" aria-label=\"Escribe el encabezado\u2026\" aria-autocomplete=\"list\">\r\n\r\n<\/h3>\r\n<p>Son peque\u00f1os archivos que se almacenan en tu navegador con informaci\u00f3n sobre la navegaci\u00f3n que realizas en nuestra p\u00e1gina web. Este conjunto de cookies nos ayuda a ofrecerte una mejor experiencia de navegaci\u00f3n (m\u00e1s fluida y personalizada).<\/p>\r\n<h3 class=\"block-editor-rich-text__editable editor-rich-text__editable\" role=\"textbox\" contenteditable=\"true\" aria-multiline=\"true\" data-is-placeholder-visible=\"false\" aria-label=\"Escribe el encabezado\u2026\" aria-autocomplete=\"list\">\r\n\r\n<\/h3>\r\n<h3 class=\"wp-block-heading\">\u00bfQu\u00e9 tipos de cookies existen?<\/h3>\r\n<h3 class=\"block-editor-rich-text__editable editor-rich-text__editable\" role=\"textbox\" contenteditable=\"true\" aria-multiline=\"true\" data-is-placeholder-visible=\"false\" aria-label=\"Escribe el encabezado\u2026\" aria-autocomplete=\"list\">\r\n\r\n<\/h3>\r\n<p>En nuestra web utilizamos cookies propias, cuya gesti\u00f3n la realizamos nosotros directamente desde nuestros servidores, y cookies de terceros, que se env\u00edan a tu equipo desde un dominio ajeno a clickDatos. En caso de utilizar este \u00faltimo tipo de cookies (de terceros), siempre nos aseguramos de que su \u00fanica finalidad sea t\u00e9cnica y nunca de recogida de datos. Si en alg\u00fan momento alguno de estos terceros decide cambiar la finalidad de sus cookies y comenzaran a recabar datos, las eliminar\u00edamos de nuestra web en cuantro tuvi\u00e9ramos conocimiento. En caso de que esto ocurra y lo detectes, por favor,\u00a0<a href=\"https:\/\/www.produccionesparrado.es\/?page_id=138\" target=\"_blank\" rel=\"noreferrer noopener\" aria-label=\" (abre en una nueva pesta\u00f1a)\">av\u00edsanos<\/a>.<\/p>\r\n<h3 class=\"block-editor-rich-text__editable editor-rich-text__editable\" role=\"textbox\" contenteditable=\"true\" aria-multiline=\"true\" data-is-placeholder-visible=\"false\" aria-label=\"Escribe el encabezado\u2026\" aria-autocomplete=\"list\">\r\n\r\n<\/h3>\r\n<ul class=\"wp-block-list\">\r\n<li>De sesi\u00f3n, que usualmente es eliminada cuando el navegador se cierra.<\/li>\r\n<li>Persistente, que se mantiene a pesar de que el navegador sea cerrado. Se mantiene por un tiempo espec\u00edfico.<\/li>\r\n<li>Segura, que es una\u00a0<em>cookie<\/em>\u00a0que se usa \u00fanicamente con\u00a0<a href=\"http:\/\/aprenderinternet.about.com\/od\/ConceptosBasico\/a\/Que-Es-Http.htm\">HTTPS<\/a>.<\/li>\r\n<li>De terceros, que se usan principalmente para p\u00e1ginas publicitadas, esto es: la p\u00e1gina visitada crea una\u00a0<em>cookie<\/em>\u00a0a nombre de una p\u00e1gina publicitada, en caso de que el usuario decida visitarla.<\/li>\r\n<\/ul>\r\n<h3 class=\"block-editor-rich-text__editable editor-rich-text__editable\" role=\"textbox\" contenteditable=\"true\" aria-multiline=\"true\" data-is-placeholder-visible=\"false\" aria-label=\"Escribe el encabezado\u2026\" aria-autocomplete=\"list\">\r\n\r\n<\/h3>\r\n<h3 class=\"wp-block-heading\">Tipos de cookies que utiliza esta p\u00e1gina Web<\/h3>\r\n<h3 class=\"block-editor-rich-text__editable editor-rich-text__editable\" role=\"textbox\" contenteditable=\"true\" aria-multiline=\"true\" data-is-placeholder-visible=\"false\" aria-label=\"Escribe el encabezado\u2026\" aria-autocomplete=\"list\">\r\n\r\n<\/h3>\r\n<ul class=\"wp-block-list\">\r\n<li>T\u00e9cnicas Este tipo de cookies facilita informaci\u00f3n sobre el uso que el usuario realiza de la Web, como por ejemplo, qu\u00e9 paginas ha visitado o si ha tenido problemas t\u00e9cnicos en los accesos. Estas cookies no permiten identificarle, puesto que la informaci\u00f3n que recogen es an\u00f3nima y ser\u00e1 utilizada \u00fanicamente para trabajos de mejora de dise\u00f1o de la p\u00e1gina y de navegaci\u00f3n, estad\u00edsticas de uso, etc. Permiten que la web funcione de forma m\u00e1s \u00e1gil y adaptada a las preferencias de los usuarios.<\/li>\r\n<li>De registro Se crean al registrarte o cuando inicia una sesi\u00f3n como usuario de la Web.<\/li>\r\n<li>De personalizaci\u00f3n Permiten personalizar las funciones o contenidos del sitio web en funci\u00f3n de los datos obtenidos del navegador.<\/li>\r\n<li>Estado de la sesi\u00f3n Estas cookies guardan la informaci\u00f3n necesaria durante la sesi\u00f3n y los cambios relacionados con ella, y tambi\u00e9n determinan si est\u00e1 registrado o no en la web.<\/li>\r\n<li>Procesos Las cookies de procesos permiten el funcionamiento del sitio web y ofrecen servicios esperados por el usuario que accede al sitio web como, por ejemplo, la navegaci\u00f3n por p\u00e1ginas web o el acceso a \u00e1reas seguras del sitio web.<\/li>\r\n<\/ul>\r\n<h3 class=\"block-editor-rich-text__editable editor-rich-text__editable\" role=\"textbox\" contenteditable=\"true\" aria-multiline=\"true\" data-is-placeholder-visible=\"false\" aria-label=\"Escribe el encabezado\u2026\" aria-autocomplete=\"list\">\r\n\r\n<\/h3>\r\n<p>Relaci\u00f3n de Cookies utilizadas por el dominio www.vraw.es:<\/p>\r\n<h3 class=\"block-editor-rich-text__editable editor-rich-text__editable\" role=\"textbox\" contenteditable=\"true\" aria-multiline=\"true\" data-is-placeholder-visible=\"false\" aria-label=\"Escribe el encabezado\u2026\" aria-autocomplete=\"list\">\r\n\r\n<\/h3>\r\n<ul class=\"wp-block-list\">\r\n<li>Cookies t\u00e9cnicas<\/li>\r\n<\/ul>\r\n<h3 class=\"block-editor-rich-text__editable editor-rich-text__editable\" role=\"textbox\" contenteditable=\"true\" aria-multiline=\"true\" data-is-placeholder-visible=\"false\" aria-label=\"Escribe el encabezado\u2026\" aria-autocomplete=\"list\">\r\n\r\n<\/h3>\r\n<table class=\"wp-block-table\">\r\n<tbody>\r\n<tr>\r\n<td><strong>Cookie<\/strong><\/td>\r\n<td><strong>Duraci\u00f3n<\/strong><\/td>\r\n<td><strong>Descripci\u00f3n<\/strong><\/td>\r\n<\/tr>\r\n<tr>\r\n<td>wordpress_*<\/td>\r\n<td>Almacena la cookie con la informaci\u00f3n detallada de autenticaci\u00f3n de WordPress.<\/td>\r\n<\/tr>\r\n<tr>\r\n<td>wordpress_test_cookie<\/td>\r\n<td>Esta cookie puede ayudarle WordPress determinar si se puede almacenar cookies.<\/td>\r\n<\/tr>\r\n<tr>\r\n<td>wp-settings-*<\/td>\r\n<td>Esta cookie ayuda a recordar sus preferencias personales dentro de WordPress.<\/td>\r\n<\/tr>\r\n<tr>\r\n<td>comment_author_*<\/td>\r\n<td>Esta cookie recuerda sus \u00faltimos detalles de comentarios, tales como su nombre y direcci\u00f3n de correo electr\u00f3nico, de modo que usted no tendr\u00e1 que escribirla de nuevo.<\/td>\r\n<\/tr>\r\n<tr>\r\n<td>cookillian_opt_*<\/td>\r\n<td>Esta cookie almacena sus preferencias con respecto al uso de cookies en este sitio web.<\/td>\r\n<\/tr>\r\n<tr>\r\n<td>locale<\/td>\r\n<\/tr>\r\n<tr>\r\n<td>PHPSESSID<\/td>\r\n<td>PHP Sesi\u00f3n<\/td>\r\n<\/tr>\r\n<tr>\r\n<td>wptouch-pro-cache-state<\/td>\r\n<td>Est\u00e1 cookie ayuda a optimizar el funcionamiento de esta web en dispositivos m\u00f3viles.<\/td>\r\n<\/tr>\r\n<\/tbody>\r\n<\/table>\r\n<h3 class=\"block-editor-rich-text__editable editor-rich-text__editable\" role=\"textbox\" contenteditable=\"true\" aria-multiline=\"true\" data-is-placeholder-visible=\"false\" aria-label=\"Escribe el encabezado\u2026\" aria-autocomplete=\"list\">\r\n\r\n<\/h3>\r\n<h3 class=\"wp-block-heading\">Revocaci\u00f3n y eliminaci\u00f3n de Cookies<\/h3>\r\n<h3 class=\"block-editor-rich-text__editable editor-rich-text__editable\" role=\"textbox\" contenteditable=\"true\" aria-multiline=\"true\" data-is-placeholder-visible=\"false\" aria-label=\"Escribe el encabezado\u2026\" aria-autocomplete=\"list\">\r\n\r\n<\/h3>\r\n<p>Usted puede configurar su navegador para permitir, bloquear, eliminar o desactivar las cookies instaladas en su equipo, mediante la configuraci\u00f3n de las opciones del navegador instalado en su equipo. En caso que no permita la instalaci\u00f3n de cookies en su navegador es posible que no pueda acceder a alguna de las secciones o funcionalidades de este sitio web. Para configurar el navegador, desactivar o administrar la instalaci\u00f3n de cookies, y que de este modo se borren autom\u00e1ticamente una vez que se cierre el navegador, equipo o dispositivo, puede obtener m\u00e1s informaci\u00f3n haciendo \u201cclick\u201d en los siguientes enlaces que le proporcionamos, en funci\u00f3n del navegador que usted utiliza:<\/p>\r\n<h3 class=\"block-editor-rich-text__editable editor-rich-text__editable\" role=\"textbox\" contenteditable=\"true\" aria-multiline=\"true\" data-is-placeholder-visible=\"false\" aria-label=\"Escribe el encabezado\u2026\" aria-autocomplete=\"list\">\r\n\r\n<\/h3>\r\n<ul class=\"wp-block-list\">\r\n<li><a href=\"http:\/\/support.google.com\/chrome\/bin\/answer.py?hl=es&amp;answer=95647\">Google Chrome<\/a><\/li>\r\n<li><a href=\"http:\/\/support.mozilla.org\/es\/kb\/cookies-informacion-que-los-sitios-web-guardan-en-?redirectlocale=en-US&amp;redirectslug=Cookies\">Mozilla Firefox<\/a><\/li>\r\n<li><a href=\"http:\/\/windows.microsoft.com\/es-xl\/internet-explorer\/delete-manage-cookies#ie=ie-11\">Internet Explorer (Versi\u00f3n 11)<\/a><\/li>\r\n<li><a href=\"http:\/\/windows.microsoft.com\/es-xl\/internet-explorer\/delete-manage-cookies#ie=ie-10\">Internet Explorer (Versi\u00f3n 10)<\/a><\/li>\r\n<li><a href=\"http:\/\/windows.microsoft.com\/es-ES\/windows7\/How-to-manage-cookies-in-Internet-Explorer-9\">Internet Explorer (Versi\u00f3n 9)<\/a><\/li>\r\n<li><a href=\"http:\/\/windows.microsoft.com\/es-ES\/windows-vista\/Block-or-allow-cookies\">Internet Explorer (Versi\u00f3n 7 &amp; 8)<\/a><\/li>\r\n<li><a href=\"http:\/\/support.microsoft.com\/kb\/283185\/es\">Internet Explorer (Versi\u00f3n 6)<\/a><\/li>\r\n<li><a href=\"http:\/\/www.opera.com\/help\/tutorials\/security\/privacy\/\">Opera<\/a><\/li>\r\n<li><a href=\"http:\/\/support.apple.com\/kb\/PH5042\">Safari web<\/a><\/li>\r\n<li><a href=\"http:\/\/support.apple.com\/kb\/HT1677\">Safari IOS<\/a><\/li>\r\n<\/ul>\r\n<h3 class=\"block-editor-rich-text__editable editor-rich-text__editable\" role=\"textbox\" contenteditable=\"true\" aria-multiline=\"true\" data-is-placeholder-visible=\"false\" aria-label=\"Escribe el encabezado\u2026\" aria-autocomplete=\"list\">\r\n\r\n<\/h3>\r\n<h3 class=\"wp-block-heading\">Actualizaci\u00f3n de nuestra Pol\u00edtica de Cookies<\/h3>\r\n<h3 class=\"block-editor-rich-text__editable editor-rich-text__editable\" role=\"textbox\" contenteditable=\"true\" aria-multiline=\"true\" data-is-placeholder-visible=\"false\" aria-label=\"Escribe el encabezado\u2026\" aria-autocomplete=\"list\">\r\n\r\n<\/h3>\r\n<p>Es posible que actualicemos nuestra Pol\u00edtica de Cookies en este sitio Web en funci\u00f3n de exigencias legales o t\u00e9cnicas, por ello si lo desea, aconsejamos que revise esta pol\u00edtica en alguna ocasi\u00f3n, al objeto de estar adecuadamente informado sobre c\u00f3mo y para qu\u00e9 usamos las cookies. \u00daltima actualizaci\u00f3n: Enero de 2020<\/p>\r\n","protected":false},"excerpt":{"rendered":"<p>\u00bfQu\u00e9 son las cookies? Son peque\u00f1os archivos que se almacenan en tu navegador con informaci\u00f3n sobre la navegaci\u00f3n que realizas en nuestra p\u00e1gina web. Este conjunto de cookies nos ayuda a ofrecerte una mejor experiencia de navegaci\u00f3n (m\u00e1s fluida y personalizada). \u00bfQu\u00e9 tipos de cookies existen? En nuestra web utilizamos cookies propias, cuya gesti\u00f3n la [&hellip;]<\/p>\n","protected":false},"author":1,"featured_media":0,"parent":0,"menu_order":0,"comment_status":"closed","ping_status":"closed","template":"","meta":{"footnotes":""},"class_list":["post-235","page","type-page","status-publish","hentry"],"_links":{"self":[{"href":"https:\/\/www.vraw.es\/index.php?rest_route=\/wp\/v2\/pages\/235"}],"collection":[{"href":"https:\/\/www.vraw.es\/index.php?rest_route=\/wp\/v2\/pages"}],"about":[{"href":"https:\/\/www.vraw.es\/index.php?rest_route=\/wp\/v2\/types\/page"}],"author":[{"embeddable":true,"href":"https:\/\/www.vraw.es\/index.php?rest_route=\/wp\/v2\/users\/1"}],"replies":[{"embeddable":true,"href":"https:\/\/www.vraw.es\/index.php?rest_route=%2Fwp%2Fv2%2Fcomments&post=235"}],"version-history":[{"count":2,"href":"https:\/\/www.vraw.es\/index.php?rest_route=\/wp\/v2\/pages\/235\/revisions"}],"predecessor-version":[{"id":238,"href":"https:\/\/www.vraw.es\/index.php?rest_route=\/wp\/v2\/pages\/235\/revisions\/238"}],"wp:attachment":[{"href":"https:\/\/www.vraw.es\/index.php?rest_route=%2Fwp%2Fv2%2Fmedia&parent=235"}],"curies":[{"name":"wp","href":"https:\/\/api.w.org\/{rel}","templated":true}]}}